{"id":6,"date":"2025-10-03T01:18:34","date_gmt":"2025-10-02T23:18:34","guid":{"rendered":"https:\/\/lindermyr.se\/?page_id=6"},"modified":"2026-01-14T23:53:31","modified_gmt":"2026-01-14T22:53:31","slug":"lindermyr-produktion","status":"publish","type":"page","link":"https:\/\/lindermyr.se\/","title":{"rendered":"Lindermyr produktion"},"content":{"rendered":"\n<p class=\"has-medium-font-size\">Tack f\u00f6r att du hittat hit. Sidan \u00e4r under omkonstruktion.<br><br>I framtiden kommer vi att ha en enklare sida som ber\u00e4ttar och visar bilder p\u00e5 vad vi kan hj\u00e4lpa just dig med.&nbsp;&nbsp;&nbsp; &nbsp; &nbsp;<\/p>\n\n\n<div class=\"wp-block-image\">\n<figure class=\"aligncenter size-full\"><img loading=\"lazy\" decoding=\"async\" width=\"547\" height=\"515\" src=\"https:\/\/lindermyr.se\/wp-content\/uploads\/2025\/10\/30643673-cQEoN.gif\" alt=\"\" class=\"wp-image-8\"\/><\/figure>\n<\/div>\n\n\n<p class=\"has-small-font-size\">Lindermyr Produktion, Brotorpsv\u00e4gen 24A, 163 44 Sp\u00e5nga, 070-694 64 64, maila till johan@lindermyr.se<br>Allt material p\u00e5 denna webbsida \u00e4r skyddat enligt lagen om upphovsr\u00e4tt.<\/p>\n","protected":false},"excerpt":{"rendered":"<p>Tack f\u00f6r att du hittat hit. Sidan \u00e4r under omkonstruktion. I framtiden kommer vi att ha en enklare sida som ber\u00e4ttar och visar bilder p\u00e5 vad vi kan hj\u00e4lpa just dig med.&nbsp;&nbsp;&nbsp; &nbsp; &nbsp; Lindermyr Produktion, Brotorpsv\u00e4gen 24A, 163 44 Sp\u00e5nga, 070-694 64 64, maila till johan@lindermyr.seAllt material p\u00e5 denna webbsida \u00e4r skyddat enligt lagen &#8230; <a title=\"Lindermyr produktion\" class=\"read-more\" href=\"https:\/\/lindermyr.se\/\" aria-label=\"L\u00e4s mer om Lindermyr produktion\">L\u00e4s mer<\/a><\/p>\n","protected":false},"author":1,"featured_media":0,"parent":0,"menu_order":0,"comment_status":"closed","ping_status":"closed","template":"","meta":{"footnotes":""},"class_list":["post-6","page","type-page","status-publish"],"_links":{"self":[{"href":"https:\/\/lindermyr.se\/index.php\/wp-json\/wp\/v2\/pages\/6","targetHints":{"allow":["GET"]}}],"collection":[{"href":"https:\/\/lindermyr.se\/index.php\/wp-json\/wp\/v2\/pages"}],"about":[{"href":"https:\/\/lindermyr.se\/index.php\/wp-json\/wp\/v2\/types\/page"}],"author":[{"embeddable":true,"href":"https:\/\/lindermyr.se\/index.php\/wp-json\/wp\/v2\/users\/1"}],"replies":[{"embeddable":true,"href":"https:\/\/lindermyr.se\/index.php\/wp-json\/wp\/v2\/comments?post=6"}],"version-history":[{"count":3,"href":"https:\/\/lindermyr.se\/index.php\/wp-json\/wp\/v2\/pages\/6\/revisions"}],"predecessor-version":[{"id":21,"href":"https:\/\/lindermyr.se\/index.php\/wp-json\/wp\/v2\/pages\/6\/revisions\/21"}],"wp:attachment":[{"href":"https:\/\/lindermyr.se\/index.php\/wp-json\/wp\/v2\/media?parent=6"}],"curies":[{"name":"wp","href":"https:\/\/api.w.org\/{rel}","templated":true}]}}